{"id":844,"date":"2026-04-22T15:11:33","date_gmt":"2026-04-22T15:11:33","guid":{"rendered":"https:\/\/autofafobb.okmedia.sk\/?page_id=844"},"modified":"2026-04-22T15:11:33","modified_gmt":"2026-04-22T15:11:33","slug":"podmienky","status":"publish","type":"page","link":"https:\/\/www.autopozicovnabystrica.sk\/index.php\/podmienky\/","title":{"rendered":"Podmienky"},"content":{"rendered":"\t\t<div data-elementor-type=\"wp-page\" data-elementor-id=\"844\" class=\"elementor elementor-844\" data-elementor-post-type=\"page\">\n\t\t\t\t\t\t<section class=\"elementor-section elementor-top-section elementor-element elementor-element-cf316a6 elementor-section-boxed elementor-section-height-default elementor-section-height-default\" data-id=\"cf316a6\" data-element_type=\"section\" data-e-type=\"section\" data-settings=\"{&quot;background_background&quot;:&quot;classic&quot;}\">\n\t\t\t\t\t\t\t<div class=\"elementor-background-overlay\"><\/div>\n\t\t\t\t\t\t\t<div class=\"elementor-container elementor-column-gap-default\">\n\t\t\t\t\t<div class=\"elementor-column elementor-col-100 elementor-top-column elementor-element elementor-element-47e2f3a\" data-id=\"47e2f3a\" data-element_type=\"column\" data-e-type=\"column\">\n\t\t\t<div class=\"elementor-widget-wrap elementor-element-populated\">\n\t\t\t\t\t\t<div class=\"elementor-element elementor-element-9173703 elementor-widget elementor-widget-heading\" data-id=\"9173703\" data-element_type=\"widget\" data-e-type=\"widget\" data-settings=\"{&quot;ekit_we_effect_on&quot;:&quot;none&quot;}\" data-widget_type=\"heading.default\">\n\t\t\t\t<div class=\"elementor-widget-container\">\n\t\t\t\t\t<h1 class=\"elementor-heading-title elementor-size-default\">Podmienky<\/h1>\t\t\t\t<\/div>\n\t\t\t\t<\/div>\n\t\t\t\t\t<\/div>\n\t\t<\/div>\n\t\t\t\t\t<\/div>\n\t\t<\/section>\n\t\t<div class=\"elementor-element elementor-element-a68f2be e-flex e-con-boxed e-con e-parent\" data-id=\"a68f2be\" data-element_type=\"container\" data-e-type=\"container\">\n\t\t\t\t\t<div class=\"e-con-inner\">\n\t\t\t\t<div class=\"elementor-element elementor-element-e6f3ed0 elementor-widget elementor-widget-text-editor\" data-id=\"e6f3ed0\" data-element_type=\"widget\" data-e-type=\"widget\" data-settings=\"{&quot;ekit_we_effect_on&quot;:&quot;none&quot;}\" data-widget_type=\"text-editor.default\">\n\t\t\t\t<div class=\"elementor-widget-container\">\n\t\t\t\t\t\t\t\t\t<h3><em><strong>Podmienky pren\u00e1jmu \u00e1ut<\/strong><\/em><\/h3><p><strong>Doklady potrebn\u00e9 na uzatvorenie zmluvy:<\/strong><\/p><ul><li><strong>Fyzick\u00e1 osoba<\/strong>:<ul><li>ob\u010diansky preukaz, pr\u00edpadne cestovn\u00fd pas<\/li><li>vodi\u010dsk\u00fd preukaz \u2013 platn\u00fd minim\u00e1lne 2 roky<\/li><\/ul><\/li><li><strong>Pr\u00e1vnick\u00e1 osoba:<\/strong><ul><li>v\u00fdpis z obchodn\u00e9ho registra alebo \u017eivnostensk\u00fd list.<\/li><li>ob\u010diansky a vodi\u010dsk\u00fd preukaz osoby, ktor\u00e1 bude vozidlo u\u017e\u00edva\u0165<\/li><li>pln\u00e1 moc v pr\u00edpade podpisu zmluvy inou osobou<\/li><\/ul><\/li><\/ul><p><strong>D\u013a\u017eka pren\u00e1jmu<\/strong><\/p><p>Minim\u00e1lna d\u013a\u017eka pren\u00e1jmu je 1 de\u0148 (24 hod.) a v zmluve sa uv\u00e1dza doba pren\u00e1jmu po\u010dtom dn\u00ed. V pr\u00edpade prekro\u010denia doby pren\u00e1jmu o viac ako 2 hodiny, sa \u00fa\u010dtuje \u010fal\u0161\u00ed de\u0148 pren\u00e1jmu.<\/p><p><strong>Platobn\u00e9 podmienky a depozit<\/strong><\/p><p>Je potrebn\u00e9 vopred uhradi\u0165 sumu na predpokladan\u00fa dobu zapo\u017ei\u010dania vozidla a z\u00e1lohu za vozidlo (DEPOZIT). Z\u00e1loha sa prenaj\u00edmate\u013eovi po vr\u00e1ten\u00ed nepo\u0161koden\u00e9ho a dotankovan\u00e9ho automobilu vracia.<\/p><p><strong>Havarijn\u00e9 poistenie, poistenie proti kr\u00e1de\u017ei<\/strong><\/p><p>Na\u0161e vozidl\u00e1 s\u00fa havarijne a z\u00e1konne poisten\u00e9. V pr\u00edpade hrub\u00e9ho poru\u0161enia predpisov (u\u017eitie drog, alkoholu, in\u00fdch omamn\u00fdch l\u00e1tok) je klient plne zodpovedn\u00fd za v\u0161etky \u0161kody na prenajatom vozidle.<\/p><p><strong>Cesta do zahrani\u010dia<\/strong><\/p><p>Klient mus\u00ed pred uzavret\u00edm zmluvy o \u201ePren\u00e1jme vozidla\u201c obozn\u00e1mi\u0165 prenaj\u00edmate\u013ea, \u010di m\u00e1 v \u00famysle vycestova\u0165 do zahrani\u010dia a kam. Pri ceste do zahrani\u010dia po\u017eadujeme \u010fal\u0161\u00ed doklad: rodn\u00fd list, fakt\u00fara za telef\u00f3n, pas, list vlastn\u00edctva at\u010f.<\/p><p><strong>Najazden\u00e9 kilometre<\/strong><\/p><p>Spravidla je limit km na de\u0148 200 km. Pri najazden\u00ed viac kilometrov sa \u00fa\u010dtuje sadzba od 0,08 \u20ac \/ km, pokia\u013e nie je dohodnut\u00e9 inak. Po vz\u00e1jomnej dohode m\u00f4\u017ee by\u0165 limit kilometrov neobmedzen\u00fd.<\/p><p><strong>Slu\u017eby v cene<\/strong><\/p><p>Asisten\u010dn\u00e9 slu\u017eby, slu\u017eby spojen\u00e9 s likvid\u00e1ciou pr\u00edpadnej poistnej udalosti, povinn\u00e9 z\u00e1konn\u00e9 poistenie, havarijn\u00e9 poistenie v SR aj v zahrani\u010d\u00ed, pravideln\u00e1 \u00fadr\u017eba vozidla, kontroln\u00e9 prehliadky, olej a in\u00e9 prev\u00e1dzkov\u00e9 n\u00e1plne okrem pohonn\u00fdch hm\u00f4t, dia\u013eni\u010dn\u00e1 zn\u00e1mka platn\u00e1 na \u00fazem\u00ed Slovenskej republiky, zimn\u00e9 pneumatiky v zimnej sez\u00f3ne.<\/p><p><strong>Storno Objedn\u00e1vky\/ rezerv\u00e1cie \/ n\u00e1jmu<br \/><\/strong><\/p><p>V pr\u00edpade storna objedn\u00e1vky\/n\u00e1jmu je prenaj\u00edmate\u013e opr\u00e1vnen\u00fd po\u017eadova\u0165 storno poplatok vo v\u00fd\u0161ke 50% z ceny objedn\u00e1vky\/n\u00e1jmu.<\/p><p><strong>Ochrana osobn\u00fdch \u00fadajov<\/strong><\/p><p>N\u00e1jomca dobrovo\u013ene s\u00fahlas\u00ed so spracovan\u00edm osobn\u00fdch \u00fadajov\u00a0 v zmysle z\u00e1kona \u010d. 122\/2013 Z.z., ktor\u00e9 poskytol prev\u00e1dzkovate\u013eovi Fafuliak s.r.o. Klient rovnako s\u00fahlas\u00ed s kop\u00edrovan\u00edm a scanovan\u00edm \u00faradn\u00fdch dokumentov. Osobn\u00e9 \u00fadaje s\u00fa z\u00edskavan\u00e9 za \u00fa\u010delom uzatvorenia n\u00e1jomnej zmluvy na zapo\u017ei\u010danie automobilu. Osobn\u00e9 \u00fadaje nebud\u00fa nikde zverej\u0148ovan\u00e9, spr\u00edstup\u0148ovan\u00e9 ani poskytovan\u00e9 tret\u00edn stran\u00e1m.<\/p><p><strong>Ostatn\u00e9<\/strong><\/p><p>Prenaj\u00edmate\u013e nezodpoved\u00e1 za majetok n\u00e1jomcu a za veci vo vozidle.<\/p>\t\t\t\t\t\t\t\t<\/div>\n\t\t\t\t<\/div>\n\t\t\t\t\t<\/div>\n\t\t\t\t<\/div>\n\t\t\t\t<\/div>\n\t\t","protected":false},"excerpt":{"rendered":"<p>Podmienky pren\u00e1jmu \u00e1ut Doklady potrebn\u00e9 na uzatvorenie zmluvy: Fyzick\u00e1 osoba: ob\u010diansky preukaz, pr\u00edpadne cestovn\u00fd pas vodi\u010dsk\u00fd preukaz \u2013 platn\u00fd minim\u00e1lne 2 roky Pr\u00e1vnick\u00e1 osoba: v\u00fdpis z obchodn\u00e9ho registra alebo \u017eivnostensk\u00fd list. ob\u010diansky a vodi\u010dsk\u00fd preukaz osoby, ktor\u00e1 bude vozidlo u\u017e\u00edva\u0165 pln\u00e1 moc v pr\u00edpade podpisu zmluvy inou osobou D\u013a\u017eka pren\u00e1jmu Minim\u00e1lna d\u013a\u017eka pren\u00e1jmu je 1 [&hellip;]<\/p>\n","protected":false},"author":1,"featured_media":0,"parent":0,"menu_order":0,"comment_status":"closed","ping_status":"closed","template":"","meta":{"_acf_changed":false,"footnotes":""},"class_list":["post-844","page","type-page","status-publish","hentry"],"acf":[],"_links":{"self":[{"href":"https:\/\/www.autopozicovnabystrica.sk\/index.php\/wp-json\/wp\/v2\/pages\/844","targetHints":{"allow":["GET"]}}],"collection":[{"href":"https:\/\/www.autopozicovnabystrica.sk\/index.php\/wp-json\/wp\/v2\/pages"}],"about":[{"href":"https:\/\/www.autopozicovnabystrica.sk\/index.php\/wp-json\/wp\/v2\/types\/page"}],"author":[{"embeddable":true,"href":"https:\/\/www.autopozicovnabystrica.sk\/index.php\/wp-json\/wp\/v2\/users\/1"}],"replies":[{"embeddable":true,"href":"https:\/\/www.autopozicovnabystrica.sk\/index.php\/wp-json\/wp\/v2\/comments?post=844"}],"version-history":[{"count":10,"href":"https:\/\/www.autopozicovnabystrica.sk\/index.php\/wp-json\/wp\/v2\/pages\/844\/revisions"}],"predecessor-version":[{"id":979,"href":"https:\/\/www.autopozicovnabystrica.sk\/index.php\/wp-json\/wp\/v2\/pages\/844\/revisions\/979"}],"wp:attachment":[{"href":"https:\/\/www.autopozicovnabystrica.sk\/index.php\/wp-json\/wp\/v2\/media?parent=844"}],"curies":[{"name":"wp","href":"https:\/\/api.w.org\/{rel}","templated":true}]}}